{"id":224,"date":"2025-06-06T09:45:06","date_gmt":"2025-06-06T09:45:06","guid":{"rendered":"https:\/\/wojskowaparafiabraniewo.pl\/?page_id=224"},"modified":"2025-06-06T09:49:12","modified_gmt":"2025-06-06T09:49:12","slug":"klauzula-rodo","status":"publish","type":"page","link":"https:\/\/wojskowaparafiabraniewo.pl\/index.php\/klauzula-rodo\/","title":{"rendered":"Klauzula RODO"},"content":{"rendered":"\t\t<div data-elementor-type=\"wp-page\" data-elementor-id=\"224\" class=\"elementor elementor-224\" data-elementor-post-type=\"page\">\n\t\t\t\t<div class=\"elementor-element elementor-element-1d78844 e-flex e-con-boxed e-con e-parent\" data-id=\"1d78844\" data-element_type=\"container\">\n\t\t\t\t\t<div class=\"e-con-inner\">\n\t\t<div class=\"elementor-element elementor-element-4c0a2e9 e-con-full e-flex e-con e-child\" data-id=\"4c0a2e9\" data-element_type=\"container\">\n\t\t\t\t<div class=\"elementor-element elementor-element-afa0f30 elementor-widget elementor-widget-heading\" data-id=\"afa0f30\" data-element_type=\"widget\" data-widget_type=\"heading.default\">\n\t\t\t\t<div class=\"elementor-widget-container\">\n\t\t\t\t\t<h2 class=\"elementor-heading-title elementor-size-default\">Klauzula rodo<\/h2>\t\t\t\t<\/div>\n\t\t\t\t<\/div>\n\t\t\t\t<div class=\"elementor-element elementor-element-45f3674 elementor-widget-divider--view-line elementor-widget elementor-widget-divider\" data-id=\"45f3674\" data-element_type=\"widget\" data-widget_type=\"divider.default\">\n\t\t\t\t<div class=\"elementor-widget-container\">\n\t\t\t\t\t\t\t<div class=\"elementor-divider\">\n\t\t\t<span class=\"elementor-divider-separator\">\n\t\t\t\t\t\t<\/span>\n\t\t<\/div>\n\t\t\t\t\t\t<\/div>\n\t\t\t\t<\/div>\n\t\t\t\t<div class=\"elementor-element elementor-element-98d9b8e elementor-widget elementor-widget-text-editor\" data-id=\"98d9b8e\" data-element_type=\"widget\" data-widget_type=\"text-editor.default\">\n\t\t\t\t<div class=\"elementor-widget-container\">\n\t\t\t\t\t\t\t\t\t<p data-start=\"306\" data-end=\"447\">Zgodnie z art. 13 ust. 1 i 2 Rozporz\u0105dzenia Parlamentu Europejskiego i Rady (UE) 2016\/679 z dnia 27 kwietnia 2016 r. (RODO), informujemy, \u017ce:<\/p><ol data-start=\"449\" data-end=\"1663\"><li data-start=\"449\" data-end=\"659\"><p data-start=\"452\" data-end=\"659\"><strong data-start=\"452\" data-end=\"488\">Administratorem danych osobowych<\/strong> jest Proboszcz Parafii Wojskowo-Cywilnej\u00a0 pw. \u015bw. Wojciecha w Braniewie z siedzib\u0105 przy ul. Sucharskiego 29, 14-500 Braniewo, e-mail: info@wojskowaparafiabraniewo.pl<\/p><\/li><li data-start=\"661\" data-end=\"855\"><p data-start=\"664\" data-end=\"855\">Strona internetowa <strong data-start=\"683\" data-end=\"717\"><a class=\"\" href=\"http:\/\/www.wojskowaparafiabraniewo.pl\" target=\"_new\" rel=\"noopener\" data-start=\"685\" data-end=\"715\">www.wojskowaparafiabraniewo.pl<\/a><\/strong> <strong data-start=\"718\" data-end=\"762\">nie zbiera danych osobowych u\u017cytkownik\u00f3w<\/strong>, nie korzysta z formularzy kontaktowych ani narz\u0119dzi \u015bledz\u0105cych (np. cookies profiluj\u0105cych).<\/p><\/li><li data-start=\"857\" data-end=\"1168\"><p data-start=\"860\" data-end=\"1168\">Na stronie publikowane s\u0105 <strong data-start=\"886\" data-end=\"906\">intencje mszalne<\/strong>, kt\u00f3re mog\u0105 zawiera\u0107 <strong data-start=\"928\" data-end=\"954\">imiona i nazwiska os\u00f3b<\/strong>, w intencji kt\u00f3rych odprawiane s\u0105 Msze \u015awi\u0119te. Dane te s\u0105 publikowane <strong data-start=\"1025\" data-end=\"1078\">na podstawie zgody osoby zamawiaj\u0105cej Msz\u0119 \u015awi\u0119t\u0105<\/strong> lub <strong data-start=\"1083\" data-end=\"1101\">na jej wniosek<\/strong>, zgodnie z utrwalon\u0105 praktyk\u0105 duszpastersk\u0105 Ko\u015bcio\u0142a katolickiego.<\/p><\/li><li data-start=\"1170\" data-end=\"1293\"><p data-start=\"1173\" data-end=\"1293\">Dane te nie s\u0105 wykorzystywane w \u017cadnym innym celu, nie s\u0105 przetwarzane automatycznie ani przekazywane podmiotom trzecim.<\/p><\/li><li data-start=\"1295\" data-end=\"1504\"><p data-start=\"1298\" data-end=\"1504\">Osoby, kt\u00f3rych dane s\u0105 publikowane w intencjach mszalnych, maj\u0105 prawo dost\u0119pu do tre\u015bci swoich danych, ich sprostowania, ograniczenia przetwarzania lub usuni\u0119cia \u2013 poprzez kontakt z administratorem parafii.<\/p><\/li><li data-start=\"1506\" data-end=\"1663\"><p data-start=\"1509\" data-end=\"1663\">Administrator dok\u0142ada wszelkich stara\u0144, by dane by\u0142y przetwarzane zgodnie z obowi\u0105zuj\u0105cymi przepisami prawa oraz w spos\u00f3b zapewniaj\u0105cy ich bezpiecze\u0144stwo.<\/p><\/li><\/ol>\t\t\t\t\t\t\t\t<\/div>\n\t\t\t\t<\/div>\n\t\t\t\t<\/div>\n\t\t\t\t\t<\/div>\n\t\t\t\t<\/div>\n\t\t\t\t<\/div>\n\t\t","protected":false},"excerpt":{"rendered":"<p>Klauzula rodo Zgodnie z art. 13 ust. 1 i 2 Rozporz\u0105dzenia Parlamentu Europejskiego i Rady (UE) 2016\/679 z dnia 27 [&hellip;]<\/p>\n","protected":false},"author":1,"featured_media":0,"parent":0,"menu_order":0,"comment_status":"closed","ping_status":"closed","template":"elementor_header_footer","meta":{"site-sidebar-layout":"no-sidebar","site-content-layout":"","ast-site-content-layout":"full-width-container","site-content-style":"default","site-sidebar-style":"default","ast-global-header-display":"","ast-banner-title-visibility":"","ast-main-header-display":"","ast-hfb-above-header-display":"","ast-hfb-below-header-display":"","ast-hfb-mobile-header-display":"","site-post-title":"disabled","ast-breadcrumbs-content":"","ast-featured-img":"disabled","footer-sml-layout":"","theme-transparent-header-meta":"","adv-header-id-meta":"","stick-header-meta":"","header-above-stick-meta":"","header-main-stick-meta":"","header-below-stick-meta":"","astra-migrate-meta-layouts":"default","ast-page-background-enabled":"default","ast-page-background-meta":{"desktop":{"background-color":"var(--ast-global-color-5)","background-image":"","background-repeat":"repeat","background-position":"center center","background-size":"auto","background-attachment":"scroll","background-type":"","background-media":"","overlay-type":"","overlay-color":"","overlay-opacity":"","overlay-gradient":""},"tablet":{"background-color":"","background-image":"","background-repeat":"repeat","background-position":"center center","background-size":"auto","background-attachment":"scroll","background-type":"","background-media":"","overlay-type":"","overlay-color":"","overlay-opacity":"","overlay-gradient":""},"mobile":{"background-color":"","background-image":"","background-repeat":"repeat","background-position":"center center","background-size":"auto","background-attachment":"scroll","background-type":"","background-media":"","overlay-type":"","overlay-color":"","overlay-opacity":"","overlay-gradient":""}},"ast-content-background-meta":{"desktop":{"background-color":"var(--ast-global-color-4)","background-image":"","background-repeat":"repeat","background-position":"center center","background-size":"auto","background-attachment":"scroll","background-type":"","background-media":"","overlay-type":"","overlay-color":"","overlay-opacity":"","overlay-gradient":""},"tablet":{"background-color":"var(--ast-global-color-4)","background-image":"","background-repeat":"repeat","background-position":"center center","background-size":"auto","background-attachment":"scroll","background-type":"","background-media":"","overlay-type":"","overlay-color":"","overlay-opacity":"","overlay-gradient":""},"mobile":{"background-color":"var(--ast-global-color-4)","background-image":"","background-repeat":"repeat","background-position":"center center","background-size":"auto","background-attachment":"scroll","background-type":"","background-media":"","overlay-type":"","overlay-color":"","overlay-opacity":"","overlay-gradient":""}},"footnotes":""},"class_list":["post-224","page","type-page","status-publish","hentry"],"_links":{"self":[{"href":"https:\/\/wojskowaparafiabraniewo.pl\/index.php\/wp-json\/wp\/v2\/pages\/224","targetHints":{"allow":["GET"]}}],"collection":[{"href":"https:\/\/wojskowaparafiabraniewo.pl\/index.php\/wp-json\/wp\/v2\/pages"}],"about":[{"href":"https:\/\/wojskowaparafiabraniewo.pl\/index.php\/wp-json\/wp\/v2\/types\/page"}],"author":[{"embeddable":true,"href":"https:\/\/wojskowaparafiabraniewo.pl\/index.php\/wp-json\/wp\/v2\/users\/1"}],"replies":[{"embeddable":true,"href":"https:\/\/wojskowaparafiabraniewo.pl\/index.php\/wp-json\/wp\/v2\/comments?post=224"}],"version-history":[{"count":4,"href":"https:\/\/wojskowaparafiabraniewo.pl\/index.php\/wp-json\/wp\/v2\/pages\/224\/revisions"}],"predecessor-version":[{"id":229,"href":"https:\/\/wojskowaparafiabraniewo.pl\/index.php\/wp-json\/wp\/v2\/pages\/224\/revisions\/229"}],"wp:attachment":[{"href":"https:\/\/wojskowaparafiabraniewo.pl\/index.php\/wp-json\/wp\/v2\/media?parent=224"}],"curies":[{"name":"wp","href":"https:\/\/api.w.org\/{rel}","templated":true}]}}