{"id":125,"date":"2025-06-05T10:38:11","date_gmt":"2025-06-05T10:38:11","guid":{"rendered":"https:\/\/wojskowaparafiabraniewo.pl\/?page_id=125"},"modified":"2025-06-06T09:42:37","modified_gmt":"2025-06-06T09:42:37","slug":"historia-parafii","status":"publish","type":"page","link":"https:\/\/wojskowaparafiabraniewo.pl\/index.php\/historia-parafii\/","title":{"rendered":"Historia parafii"},"content":{"rendered":"\t\t<div data-elementor-type=\"wp-page\" data-elementor-id=\"125\" class=\"elementor elementor-125\" data-elementor-post-type=\"page\">\n\t\t\t\t<div class=\"elementor-element elementor-element-ae9a69a e-flex e-con-boxed e-con e-parent\" data-id=\"ae9a69a\" data-element_type=\"container\" data-settings=\"{&quot;background_background&quot;:&quot;classic&quot;}\">\n\t\t\t\t\t<div class=\"e-con-inner\">\n\t\t\t\t\t<\/div>\n\t\t\t\t<\/div>\n\t\t<div class=\"elementor-element elementor-element-03e54e6 e-flex e-con-boxed e-con e-parent\" data-id=\"03e54e6\" data-element_type=\"container\">\n\t\t\t\t\t<div class=\"e-con-inner\">\n\t\t\t\t<div class=\"elementor-element elementor-element-861d67b elementor-widget elementor-widget-heading\" data-id=\"861d67b\" data-element_type=\"widget\" data-widget_type=\"heading.default\">\n\t\t\t\t<div class=\"elementor-widget-container\">\n\t\t\t\t\t<h2 class=\"elementor-heading-title elementor-size-default\">historia parafii:<\/h2>\t\t\t\t<\/div>\n\t\t\t\t<\/div>\n\t\t\t\t<div class=\"elementor-element elementor-element-8372f98 elementor-widget-divider--view-line elementor-widget elementor-widget-divider\" data-id=\"8372f98\" data-element_type=\"widget\" data-widget_type=\"divider.default\">\n\t\t\t\t<div class=\"elementor-widget-container\">\n\t\t\t\t\t\t\t<div class=\"elementor-divider\">\n\t\t\t<span class=\"elementor-divider-separator\">\n\t\t\t\t\t\t<\/span>\n\t\t<\/div>\n\t\t\t\t\t\t<\/div>\n\t\t\t\t<\/div>\n\t\t\t\t<div class=\"elementor-element elementor-element-dd00730 elementor-widget elementor-widget-text-editor\" data-id=\"dd00730\" data-element_type=\"widget\" data-widget_type=\"text-editor.default\">\n\t\t\t\t<div class=\"elementor-widget-container\">\n\t\t\t\t\t\t\t\t\t<p>Parafia Wojskowo-Cywilna pw. \u015bw. Wojciecha w Braniewie jest szczeg\u00f3lnym miejscem na mapie religijnej Warmii i Mazur. \u0141\u0105czy w sobie duchowo\u015b\u0107 \u015brodowiska wojskowego z \u017cyciem lokalnej spo\u0142eczno\u015bci cywilnej, tworz\u0105c wsp\u00f3lnot\u0119 wiary, s\u0142u\u017cby i tradycji.<\/p><p align=\"justify\">Ko\u015bci\u00f3\u0142 Garnizonowy w Braniewie powsta\u0142 z adaptowanego pawilonu handlowego, kt\u00f3ry by\u0142 w stanie surowym otwartym. Prace remontowo-budowlane trwa\u0142y w latach 1999 \u2013 2005. Zosta\u0142o jednak wydane pozwolenie na u\u017cytkowanie cz\u0119\u015bci ko\u015bcielno \u2013 administracyjnej w 2000 roku.<\/p><p>1 stycznia 2012 roku \u2013 na podstawie umowy zawartej pomi\u0119dzy Biskupem Polowym Wojska Polskiego \u2013 J\u00f3zefem Guzdkiem i Arcybiskupem Warmi\u0144skim \u2013 Wojciechem Ziemb\u0105, zosta\u0142a erygowana parafia wojskowo-cywilna pw. \u015aw. Wojciecha w Braniewie.\u00a0<\/p><p data-start=\"568\" data-end=\"597\"><strong>Pocz\u0105tki i idea powstania<\/strong><\/p><p>Parafia zosta\u0142a erygowana w odpowiedzi na potrzeb\u0119 obj\u0119cia duszpastersk\u0105 opiek\u0105 zar\u00f3wno \u017co\u0142nierzy Wojska Polskiego stacjonuj\u0105cych w Braniewie, jak i okolicznych mieszka\u0144c\u00f3w. Jej patronem zosta\u0142 \u015bw. Wojciech \u2013 misjonarz, m\u0119czennik i patron Polski, kt\u00f3ry niegdy\u015b przemierza\u0142 ziemie Prus, g\u0142osz\u0105c Ewangeli\u0119. Jego obecno\u015b\u0107 w symbolice parafii stanowi wyraz duchowego dziedzictwa tych ziem.<\/p><p data-start=\"986\" data-end=\"1020\"><strong>Zwi\u0105zki z Ordynariatem Polowym<\/strong><\/p><p>Parafia dzia\u0142a w strukturach Ordynariatu Polowego, co oznacza, \u017ce jej proboszcz pe\u0142ni r\u00f3wnocze\u015bnie funkcj\u0119 kapelana wojskowego. W liturgiach, uroczysto\u015bciach i codziennej pos\u0142udze obecny jest wymiar patriotyczny, wojskowy i narodowy. Ko\u015bci\u00f3\u0142 parafialny jest nie tylko miejscem modlitwy, ale r\u00f3wnie\u017c duchowym schronieniem dla \u017co\u0142nierzy i ich rodzin.<\/p><p data-start=\"1393\" data-end=\"1412\"><strong>\u017bycie wsp\u00f3lnoty<\/strong><\/p><p>W parafii regularnie sprawowane s\u0105 msze \u015bwi\u0119te, nabo\u017ce\u0144stwa patriotyczno-religijne, a tak\u017ce wydarzenia upami\u0119tniaj\u0105ce wa\u017cne daty z historii Polski i Wojska Polskiego. Dzia\u0142a tu tak\u017ce duszpasterstwo rodzin wojskowych, ministranci, lektorzy, schola oraz grupy formacyjne.<\/p><p data-start=\"1685\" data-end=\"1725\"><strong>\u015aw. Wojciech \u2013 patron odwagi i wiary<\/strong><\/p><p>Wyb\u00f3r patrona nie by\u0142 przypadkowy. \u015aw. Wojciech to symbol odwagi, po\u015bwi\u0119cenia i g\u0142oszenia Ewangelii mimo przeciwno\u015bci. W parafii jego posta\u0107 przypomina zar\u00f3wno \u017co\u0142nierzom, jak i cywilom o warto\u015bciach, kt\u00f3re buduj\u0105 si\u0142\u0119 ducha: wierno\u015bci, honorze i s\u0142u\u017cbie.<\/p><p data-start=\"1984\" data-end=\"2000\"><strong>Dzi\u015b i jutro<\/strong><\/p><p>Parafia pw. \u015bw. Wojciecha w Braniewie nadal rozwija si\u0119 jako wsp\u00f3lnota ludzi wierz\u0105cych \u2013 zjednoczonych wok\u00f3\u0142 Eucharystii i mi\u0142o\u015bci do Ojczyzny. Jej misj\u0105 pozostaje niesienie nadziei, umacnianie ducha oraz \u0142\u0105czenie \u015brodowisk mundurowych i cywilnych w jednej rodzinie Ko\u015bcio\u0142a.<\/p>\t\t\t\t\t\t\t\t<\/div>\n\t\t\t\t<\/div>\n\t\t\t\t\t<\/div>\n\t\t\t\t<\/div>\n\t\t<div class=\"elementor-element elementor-element-87f9219 e-flex e-con-boxed e-con e-parent\" data-id=\"87f9219\" data-element_type=\"container\" data-settings=\"{&quot;background_background&quot;:&quot;classic&quot;}\">\n\t\t\t\t\t<div class=\"e-con-inner\">\n\t\t<div class=\"elementor-element elementor-element-4a3afbc e-con-full e-flex e-con e-child\" data-id=\"4a3afbc\" data-element_type=\"container\">\n\t\t\t\t<div class=\"elementor-element elementor-element-f4422a7 elementor-widget elementor-widget-image\" data-id=\"f4422a7\" data-element_type=\"widget\" data-widget_type=\"image.default\">\n\t\t\t\t<div class=\"elementor-widget-container\">\n\t\t\t\t\t\t\t\t\t\t\t\t\t\t\t<img fetchpriority=\"high\" decoding=\"async\" width=\"1024\" height=\"1024\" src=\"https:\/\/wojskowaparafiabraniewo.pl\/wp-content\/uploads\/2025\/06\/logo-www.png\" class=\"attachment-full size-full wp-image-175\" alt=\"\" srcset=\"https:\/\/wojskowaparafiabraniewo.pl\/wp-content\/uploads\/2025\/06\/logo-www.png 1024w, https:\/\/wojskowaparafiabraniewo.pl\/wp-content\/uploads\/2025\/06\/logo-www-300x300.png 300w, https:\/\/wojskowaparafiabraniewo.pl\/wp-content\/uploads\/2025\/06\/logo-www-150x150.png 150w, https:\/\/wojskowaparafiabraniewo.pl\/wp-content\/uploads\/2025\/06\/logo-www-768x768.png 768w\" sizes=\"(max-width: 1024px) 100vw, 1024px\" \/>\t\t\t\t\t\t\t\t\t\t\t\t\t\t\t<\/div>\n\t\t\t\t<\/div>\n\t\t\t\t<\/div>\n\t\t<div class=\"elementor-element elementor-element-cf5b94e e-con-full e-flex e-con e-child\" data-id=\"cf5b94e\" data-element_type=\"container\">\n\t\t\t\t<div class=\"elementor-element elementor-element-6efc96a elementor-invisible elementor-widget elementor-widget-heading\" data-id=\"6efc96a\" data-element_type=\"widget\" data-settings=\"{&quot;_animation&quot;:&quot;fadeInLeft&quot;}\" data-widget_type=\"heading.default\">\n\t\t\t\t<div class=\"elementor-widget-container\">\n\t\t\t\t\t<h2 class=\"elementor-heading-title elementor-size-default\">kontakt:<\/h2>\t\t\t\t<\/div>\n\t\t\t\t<\/div>\n\t\t\t\t<div class=\"elementor-element elementor-element-57070fe elementor-widget-divider--view-line elementor-widget elementor-widget-divider\" data-id=\"57070fe\" data-element_type=\"widget\" data-widget_type=\"divider.default\">\n\t\t\t\t<div class=\"elementor-widget-container\">\n\t\t\t\t\t\t\t<div class=\"elementor-divider\">\n\t\t\t<span class=\"elementor-divider-separator\">\n\t\t\t\t\t\t<\/span>\n\t\t<\/div>\n\t\t\t\t\t\t<\/div>\n\t\t\t\t<\/div>\n\t\t\t\t<div class=\"elementor-element elementor-element-b5faa71 elementor-widget elementor-widget-text-editor\" data-id=\"b5faa71\" data-element_type=\"widget\" data-widget_type=\"text-editor.default\">\n\t\t\t\t<div class=\"elementor-widget-container\">\n\t\t\t\t\t\t\t\t\t<p data-start=\"84\" data-end=\"452\">Parafia Wojskowo-Cywilna\npw. \u015awi\u0119tego Wojciecha w Braniewie ul. Sucharskiego 29, 14-500 Braniewo<\/p>\n<p data-start=\"84\" data-end=\"452\">Konto bankowe: PKO BP<br> 38 1020 1752 0000 0202 0308 8242<\/p>\t\t\t\t\t\t\t\t<\/div>\n\t\t\t\t<\/div>\n\t\t\t\t<\/div>\n\t\t<div class=\"elementor-element elementor-element-772d9b2 e-con-full e-flex e-con e-child\" data-id=\"772d9b2\" data-element_type=\"container\">\n\t\t\t\t<div class=\"elementor-element elementor-element-77939f6 elementor-invisible elementor-widget elementor-widget-heading\" data-id=\"77939f6\" data-element_type=\"widget\" data-settings=\"{&quot;_animation&quot;:&quot;fadeInLeft&quot;}\" data-widget_type=\"heading.default\">\n\t\t\t\t<div class=\"elementor-widget-container\">\n\t\t\t\t\t<h2 class=\"elementor-heading-title elementor-size-default\">kancelaria:<\/h2>\t\t\t\t<\/div>\n\t\t\t\t<\/div>\n\t\t\t\t<div class=\"elementor-element elementor-element-df12f7b elementor-widget-divider--view-line elementor-widget elementor-widget-divider\" data-id=\"df12f7b\" data-element_type=\"widget\" data-widget_type=\"divider.default\">\n\t\t\t\t<div class=\"elementor-widget-container\">\n\t\t\t\t\t\t\t<div class=\"elementor-divider\">\n\t\t\t<span class=\"elementor-divider-separator\">\n\t\t\t\t\t\t<\/span>\n\t\t<\/div>\n\t\t\t\t\t\t<\/div>\n\t\t\t\t<\/div>\n\t\t\t\t<div class=\"elementor-element elementor-element-1a8c7b6 elementor-widget elementor-widget-text-editor\" data-id=\"1a8c7b6\" data-element_type=\"widget\" data-widget_type=\"text-editor.default\">\n\t\t\t\t<div class=\"elementor-widget-container\">\n\t\t\t\t\t\t\t\t\t<p data-start=\"84\" data-end=\"452\">Kancelaria parafialna przyjmuje osoby zainteresowane od wtorku do pi\u0105tku po wieczornej Mszy \u015awi\u0119tej.<\/p>\n<p data-start=\"84\" data-end=\"452\">Tel.: 783-935-499<br>info@wojskowaparafiabraniewo.pl<\/p>\t\t\t\t\t\t\t\t<\/div>\n\t\t\t\t<\/div>\n\t\t\t\t<\/div>\n\t\t<div class=\"elementor-element elementor-element-157811a e-con-full e-flex e-con e-child\" data-id=\"157811a\" data-element_type=\"container\">\n\t\t\t\t<div class=\"elementor-element elementor-element-e5af19d elementor-invisible elementor-widget elementor-widget-heading\" data-id=\"e5af19d\" data-element_type=\"widget\" data-settings=\"{&quot;_animation&quot;:&quot;fadeInLeft&quot;}\" data-widget_type=\"heading.default\">\n\t\t\t\t<div class=\"elementor-widget-container\">\n\t\t\t\t\t<h2 class=\"elementor-heading-title elementor-size-default\">proboszcz:<\/h2>\t\t\t\t<\/div>\n\t\t\t\t<\/div>\n\t\t\t\t<div class=\"elementor-element elementor-element-25f9d1a elementor-widget-divider--view-line elementor-widget elementor-widget-divider\" data-id=\"25f9d1a\" data-element_type=\"widget\" data-widget_type=\"divider.default\">\n\t\t\t\t<div class=\"elementor-widget-container\">\n\t\t\t\t\t\t\t<div class=\"elementor-divider\">\n\t\t\t<span class=\"elementor-divider-separator\">\n\t\t\t\t\t\t<\/span>\n\t\t<\/div>\n\t\t\t\t\t\t<\/div>\n\t\t\t\t<\/div>\n\t\t\t\t<div class=\"elementor-element elementor-element-dd53d03 elementor-widget elementor-widget-text-editor\" data-id=\"dd53d03\" data-element_type=\"widget\" data-widget_type=\"text-editor.default\">\n\t\t\t\t<div class=\"elementor-widget-container\">\n\t\t\t\t\t\t\t\t\t<p data-start=\"84\" data-end=\"452\">Kapelan Garnizonu Braniewo<\/p><p data-start=\"84\" data-end=\"452\">ks. mjr dr Karol Biegluk<\/p>\t\t\t\t\t\t\t\t<\/div>\n\t\t\t\t<\/div>\n\t\t\t\t<\/div>\n\t\t\t\t\t<\/div>\n\t\t\t\t<\/div>\n\t\t\t\t<\/div>\n\t\t","protected":false},"excerpt":{"rendered":"<p>historia parafii: Parafia Wojskowo-Cywilna pw. \u015bw. Wojciecha w Braniewie jest szczeg\u00f3lnym miejscem na mapie religijnej Warmii i Mazur. \u0141\u0105czy w [&hellip;]<\/p>\n","protected":false},"author":1,"featured_media":0,"parent":0,"menu_order":0,"comment_status":"closed","ping_status":"closed","template":"elementor_header_footer","meta":{"site-sidebar-layout":"no-sidebar","site-content-layout":"","ast-site-content-layout":"full-width-container","site-content-style":"default","site-sidebar-style":"default","ast-global-header-display":"","ast-banner-title-visibility":"","ast-main-header-display":"","ast-hfb-above-header-display":"","ast-hfb-below-header-display":"","ast-hfb-mobile-header-display":"","site-post-title":"disabled","ast-breadcrumbs-content":"","ast-featured-img":"disabled","footer-sml-layout":"","theme-transparent-header-meta":"","adv-header-id-meta":"","stick-header-meta":"","header-above-stick-meta":"","header-main-stick-meta":"","header-below-stick-meta":"","astra-migrate-meta-layouts":"default","ast-page-background-enabled":"default","ast-page-background-meta":{"desktop":{"background-color":"var(--ast-global-color-5)","background-image":"","background-repeat":"repeat","background-position":"center center","background-size":"auto","background-attachment":"scroll","background-type":"","background-media":"","overlay-type":"","overlay-color":"","overlay-opacity":"","overlay-gradient":""},"tablet":{"background-color":"","background-image":"","background-repeat":"repeat","background-position":"center center","background-size":"auto","background-attachment":"scroll","background-type":"","background-media":"","overlay-type":"","overlay-color":"","overlay-opacity":"","overlay-gradient":""},"mobile":{"background-color":"","background-image":"","background-repeat":"repeat","background-position":"center center","background-size":"auto","background-attachment":"scroll","background-type":"","background-media":"","overlay-type":"","overlay-color":"","overlay-opacity":"","overlay-gradient":""}},"ast-content-background-meta":{"desktop":{"background-color":"var(--ast-global-color-4)","background-image":"","background-repeat":"repeat","background-position":"center center","background-size":"auto","background-attachment":"scroll","background-type":"","background-media":"","overlay-type":"","overlay-color":"","overlay-opacity":"","overlay-gradient":""},"tablet":{"background-color":"var(--ast-global-color-4)","background-image":"","background-repeat":"repeat","background-position":"center center","background-size":"auto","background-attachment":"scroll","background-type":"","background-media":"","overlay-type":"","overlay-color":"","overlay-opacity":"","overlay-gradient":""},"mobile":{"background-color":"var(--ast-global-color-4)","background-image":"","background-repeat":"repeat","background-position":"center center","background-size":"auto","background-attachment":"scroll","background-type":"","background-media":"","overlay-type":"","overlay-color":"","overlay-opacity":"","overlay-gradient":""}},"footnotes":""},"class_list":["post-125","page","type-page","status-publish","hentry"],"_links":{"self":[{"href":"https:\/\/wojskowaparafiabraniewo.pl\/index.php\/wp-json\/wp\/v2\/pages\/125","targetHints":{"allow":["GET"]}}],"collection":[{"href":"https:\/\/wojskowaparafiabraniewo.pl\/index.php\/wp-json\/wp\/v2\/pages"}],"about":[{"href":"https:\/\/wojskowaparafiabraniewo.pl\/index.php\/wp-json\/wp\/v2\/types\/page"}],"author":[{"embeddable":true,"href":"https:\/\/wojskowaparafiabraniewo.pl\/index.php\/wp-json\/wp\/v2\/users\/1"}],"replies":[{"embeddable":true,"href":"https:\/\/wojskowaparafiabraniewo.pl\/index.php\/wp-json\/wp\/v2\/comments?post=125"}],"version-history":[{"count":17,"href":"https:\/\/wojskowaparafiabraniewo.pl\/index.php\/wp-json\/wp\/v2\/pages\/125\/revisions"}],"predecessor-version":[{"id":233,"href":"https:\/\/wojskowaparafiabraniewo.pl\/index.php\/wp-json\/wp\/v2\/pages\/125\/revisions\/233"}],"wp:attachment":[{"href":"https:\/\/wojskowaparafiabraniewo.pl\/index.php\/wp-json\/wp\/v2\/media?parent=125"}],"curies":[{"name":"wp","href":"https:\/\/api.w.org\/{rel}","templated":true}]}}