{"id":112,"date":"2025-06-05T10:13:19","date_gmt":"2025-06-05T10:13:19","guid":{"rendered":"https:\/\/wojskowaparafiabraniewo.pl\/?page_id=112"},"modified":"2025-06-05T12:08:33","modified_gmt":"2025-06-05T12:08:33","slug":"standardy-ochrony-dzieci","status":"publish","type":"page","link":"https:\/\/wojskowaparafiabraniewo.pl\/index.php\/standardy-ochrony-dzieci\/","title":{"rendered":"Standardy ochrony dzieci"},"content":{"rendered":"\t\t<div data-elementor-type=\"wp-page\" data-elementor-id=\"112\" class=\"elementor elementor-112\" data-elementor-post-type=\"page\">\n\t\t\t\t<div class=\"elementor-element elementor-element-d84dc82 e-flex e-con-boxed e-con e-parent\" data-id=\"d84dc82\" data-element_type=\"container\">\n\t\t\t\t\t<div class=\"e-con-inner\">\n\t\t\t\t<div class=\"elementor-element elementor-element-4f88389 elementor-widget elementor-widget-heading\" data-id=\"4f88389\" data-element_type=\"widget\" data-widget_type=\"heading.default\">\n\t\t\t\t<div class=\"elementor-widget-container\">\n\t\t\t\t\t<h2 class=\"elementor-heading-title elementor-size-default\">STANDARDY OCHRONY DZIECI W PARAFII:<\/h2>\t\t\t\t<\/div>\n\t\t\t\t<\/div>\n\t\t\t\t<div class=\"elementor-element elementor-element-896fd4f elementor-widget-divider--view-line elementor-widget elementor-widget-divider\" data-id=\"896fd4f\" data-element_type=\"widget\" data-widget_type=\"divider.default\">\n\t\t\t\t<div class=\"elementor-widget-container\">\n\t\t\t\t\t\t\t<div class=\"elementor-divider\">\n\t\t\t<span class=\"elementor-divider-separator\">\n\t\t\t\t\t\t<\/span>\n\t\t<\/div>\n\t\t\t\t\t\t<\/div>\n\t\t\t\t<\/div>\n\t\t<div class=\"elementor-element elementor-element-a7df9bd e-grid e-con-full e-con e-child\" data-id=\"a7df9bd\" data-element_type=\"container\">\n\t\t\t\t<div class=\"elementor-element elementor-element-430b9b8 elementor-view-default elementor-position-top elementor-mobile-position-top elementor-widget elementor-widget-icon-box\" data-id=\"430b9b8\" data-element_type=\"widget\" data-widget_type=\"icon-box.default\">\n\t\t\t\t<div class=\"elementor-widget-container\">\n\t\t\t\t\t\t\t<div class=\"elementor-icon-box-wrapper\">\n\n\t\t\t\t\t\t<div class=\"elementor-icon-box-icon\">\n\t\t\t\t<a href=\"https:\/\/wojskowaparafiabraniewo.pl\/wp-content\/uploads\/2025\/06\/standardy-ochrony-dzieci-w-ordynariacie-polowym.pdf\" class=\"elementor-icon\" tabindex=\"-1\">\n\t\t\t\t<svg aria-hidden=\"true\" class=\"e-font-icon-svg e-fas-file-download\" viewBox=\"0 0 384 512\" xmlns=\"http:\/\/www.w3.org\/2000\/svg\"><path d=\"M224 136V0H24C10.7 0 0 10.7 0 24v464c0 13.3 10.7 24 24 24h336c13.3 0 24-10.7 24-24V160H248c-13.2 0-24-10.8-24-24zm76.45 211.36l-96.42 95.7c-6.65 6.61-17.39 6.61-24.04 0l-96.42-95.7C73.42 337.29 80.54 320 94.82 320H160v-80c0-8.84 7.16-16 16-16h32c8.84 0 16 7.16 16 16v80h65.18c14.28 0 21.4 17.29 11.27 27.36zM377 105L279.1 7c-4.5-4.5-10.6-7-17-7H256v128h128v-6.1c0-6.3-2.5-12.4-7-16.9z\"><\/path><\/svg>\t\t\t\t<\/a>\n\t\t\t<\/div>\n\t\t\t\n\t\t\t\t\t\t<div class=\"elementor-icon-box-content\">\n\n\t\t\t\t\n\t\t\t\t\t\t\t\t\t<p class=\"elementor-icon-box-description\">\n\t\t\t\t\t\tStandardy ochrony dzieci <br>w ordynariacie polowym\t\t\t\t\t<\/p>\n\t\t\t\t\n\t\t\t<\/div>\n\t\t\t\n\t\t<\/div>\n\t\t\t\t\t\t<\/div>\n\t\t\t\t<\/div>\n\t\t\t\t<div class=\"elementor-element elementor-element-a529c5c elementor-view-default elementor-position-top elementor-mobile-position-top elementor-widget elementor-widget-icon-box\" data-id=\"a529c5c\" data-element_type=\"widget\" data-widget_type=\"icon-box.default\">\n\t\t\t\t<div class=\"elementor-widget-container\">\n\t\t\t\t\t\t\t<div class=\"elementor-icon-box-wrapper\">\n\n\t\t\t\t\t\t<div class=\"elementor-icon-box-icon\">\n\t\t\t\t<a href=\"https:\/\/wojskowaparafiabraniewo.pl\/wp-content\/uploads\/2025\/06\/Standardy-ochrony-dzieci-skrocona-wersja-dla-dzieci-1.pdf\" class=\"elementor-icon\" tabindex=\"-1\">\n\t\t\t\t<svg aria-hidden=\"true\" class=\"e-font-icon-svg e-fas-file-download\" viewBox=\"0 0 384 512\" xmlns=\"http:\/\/www.w3.org\/2000\/svg\"><path d=\"M224 136V0H24C10.7 0 0 10.7 0 24v464c0 13.3 10.7 24 24 24h336c13.3 0 24-10.7 24-24V160H248c-13.2 0-24-10.8-24-24zm76.45 211.36l-96.42 95.7c-6.65 6.61-17.39 6.61-24.04 0l-96.42-95.7C73.42 337.29 80.54 320 94.82 320H160v-80c0-8.84 7.16-16 16-16h32c8.84 0 16 7.16 16 16v80h65.18c14.28 0 21.4 17.29 11.27 27.36zM377 105L279.1 7c-4.5-4.5-10.6-7-17-7H256v128h128v-6.1c0-6.3-2.5-12.4-7-16.9z\"><\/path><\/svg>\t\t\t\t<\/a>\n\t\t\t<\/div>\n\t\t\t\n\t\t\t\t\t\t<div class=\"elementor-icon-box-content\">\n\n\t\t\t\t\n\t\t\t\t\t\t\t\t\t<p class=\"elementor-icon-box-description\">\n\t\t\t\t\t\tStandardy ochrony dzieci - wersja ilustrowana dla dzieci\t\t\t\t\t<\/p>\n\t\t\t\t\n\t\t\t<\/div>\n\t\t\t\n\t\t<\/div>\n\t\t\t\t\t\t<\/div>\n\t\t\t\t<\/div>\n\t\t\t\t<div class=\"elementor-element elementor-element-9bc1199 elementor-view-default elementor-position-top elementor-mobile-position-top elementor-widget elementor-widget-icon-box\" data-id=\"9bc1199\" data-element_type=\"widget\" data-widget_type=\"icon-box.default\">\n\t\t\t\t<div class=\"elementor-widget-container\">\n\t\t\t\t\t\t\t<div class=\"elementor-icon-box-wrapper\">\n\n\t\t\t\t\t\t<div class=\"elementor-icon-box-icon\">\n\t\t\t\t<a href=\"https:\/\/wojskowaparafiabraniewo.pl\/wp-content\/uploads\/2025\/06\/Standardy-ochrony-dzieci-skrocona-wersja-dla-dzieci-2.pdf\" class=\"elementor-icon\" tabindex=\"-1\">\n\t\t\t\t<svg aria-hidden=\"true\" class=\"e-font-icon-svg e-fas-file-download\" viewBox=\"0 0 384 512\" xmlns=\"http:\/\/www.w3.org\/2000\/svg\"><path d=\"M224 136V0H24C10.7 0 0 10.7 0 24v464c0 13.3 10.7 24 24 24h336c13.3 0 24-10.7 24-24V160H248c-13.2 0-24-10.8-24-24zm76.45 211.36l-96.42 95.7c-6.65 6.61-17.39 6.61-24.04 0l-96.42-95.7C73.42 337.29 80.54 320 94.82 320H160v-80c0-8.84 7.16-16 16-16h32c8.84 0 16 7.16 16 16v80h65.18c14.28 0 21.4 17.29 11.27 27.36zM377 105L279.1 7c-4.5-4.5-10.6-7-17-7H256v128h128v-6.1c0-6.3-2.5-12.4-7-16.9z\"><\/path><\/svg>\t\t\t\t<\/a>\n\t\t\t<\/div>\n\t\t\t\n\t\t\t\t\t\t<div class=\"elementor-icon-box-content\">\n\n\t\t\t\t\n\t\t\t\t\t\t\t\t\t<p class=\"elementor-icon-box-description\">\n\t\t\t\t\t\tStandardy ochrony dzieci- wersja ilustrowana dla dzieci z numerami telefon\u00f3w zaufania\t\t\t\t\t<\/p>\n\t\t\t\t\n\t\t\t<\/div>\n\t\t\t\n\t\t<\/div>\n\t\t\t\t\t\t<\/div>\n\t\t\t\t<\/div>\n\t\t\t\t<\/div>\n\t\t\t\t\t<\/div>\n\t\t\t\t<\/div>\n\t\t<div class=\"elementor-element elementor-element-11ae460 e-flex e-con-boxed e-con e-parent\" data-id=\"11ae460\" data-element_type=\"container\">\n\t\t\t\t\t<div class=\"e-con-inner\">\n\t\t\t\t<div class=\"elementor-element elementor-element-4d295d6 elementor-widget elementor-widget-heading\" data-id=\"4d295d6\" data-element_type=\"widget\" data-widget_type=\"heading.default\">\n\t\t\t\t<div class=\"elementor-widget-container\">\n\t\t\t\t\t<h2 class=\"elementor-heading-title elementor-size-default\">STANDARDY OCHRONY DZIECI W PARAFII - wersja skr\u00f3cona:<\/h2>\t\t\t\t<\/div>\n\t\t\t\t<\/div>\n\t\t\t\t<div class=\"elementor-element elementor-element-1ce1e8a elementor-widget elementor-widget-text-editor\" data-id=\"1ce1e8a\" data-element_type=\"widget\" data-widget_type=\"text-editor.default\">\n\t\t\t\t<div class=\"elementor-widget-container\">\n\t\t\t\t\t\t\t\t\t<p data-start=\"84\" data-end=\"452\">W Ordynariacie Polowym zosta\u0142 opracowany i wprowadzony dla wszystkich parafii i o\u015brodk\u00f3w duszpasterskich, w tym dla parafii Wojskowo-Cywilnej pw. \u015aw. Wojciecha w Braniewie dokument, kt\u00f3ry stanowi realizacj\u0119 prawnego obowi\u0105zku dotycz\u0105cego wprowadzenia we wszelkich instytucjach, w kt\u00f3rych przebywaj\u0105 dzieci, standard\u00f3w ich ochrony przed krzywdzeniem (Ustawa z dnia 28 lipca 2023 r. o zmianie ustawy Kodeks rodzinny i opieku\u0144czy oraz niekt\u00f3rych innych ustaw \u2013 tzw. Ustawa Kamilka [Dz.U. 2023 poz. 1606]). Dokument uwzgl\u0119dnia wytyczne zar\u00f3wno prawa pa\u0144stwowego, jak i ko\u015bcielnego.<br \/>Odpowiedzialnym za wdra\u017canie w \u017cycie niniejszych standard\u00f3w ochrony dzieci jest przede wszystkim proboszcz (administrator) parafii.<\/p><p data-start=\"84\" data-end=\"452\"><br \/><strong>1. Najwa\u017cniejsze elementy standard\u00f3w ochrony dzieci<\/strong><\/p><p data-start=\"84\" data-end=\"452\"><br \/>&#8211; Standardy ochrony dzieci to zasady, kt\u00f3re maj\u0105 przyczynia\u0107 si\u0119 do tworzenia bezpiecznego \u015brodowiska w taki spos\u00f3b, by ka\u017cde dziecko mog\u0142o si\u0119 czu\u0107 w parafii dobrze, by\u0142o w niej akceptowane i szanowane. Standardy okre\u015blaj\u0105 r\u00f3wnie\u017c spos\u00f3b reagowania na krzywd\u0119 lub niestosowne zachowanie w parafii lub poza ni\u0105, a tak\u017ce wyznaczaj\u0105 spos\u00f3b post\u0119powania z osob\u0105 krzywdzon\u0105 i sprawc\u0105.<br \/>&#8211; Ka\u017cda osoba w naszej parafii jest odpowiedzialna za tworzenie bezpiecznego \u015brodowiska: ksi\u0119\u017ca, siostry zakonne, pracownicy, animatorzy, rodzice, dzieci i m\u0142odzie\u017c. Wszyscy razem staraj\u0105 si\u0119 wsp\u00f3\u0142pracowa\u0107 w trosce o dobro wsp\u00f3lne.<br \/>&#8211; W parafii wyznaczone s\u0105 osoby, kt\u00f3re maj\u0105 szczeg\u00f3ln\u0105 odpowiedzialno\u015b\u0107 w zakresie ochrony dzieci i m\u0142odzie\u017cy przed krzywdzeniem:<br \/><strong>osoba zaufania <\/strong>\u2013 ks. mjr dr Rafa\u0142 Kaniecki, kontakt: 607 859 298;<strong> osoba zaufania <\/strong>\u2013 p. Paulina Pi\u0105tkowska, kontakt: 261-879-255\u00a0&#8211; Wszystkie dzia\u0142ania powinny by\u0107 podejmowane w trosce o dzieci i m\u0142odzie\u017c, zapewnia\u0107 im poczucie bezpiecze\u0144stwa oraz wspomaga\u0107 ich rozw\u00f3j.<br \/>&#8211; Niedopuszczalne jest stosowanie jakiejkolwiek formy przemocy (fizycznej, psychicznej czy seksualnej) przez pracownik\u00f3w\/wsp\u00f3\u0142pracownik\u00f3w parafii lub dzieci\/m\u0142odzie\u017c.<br \/>&#8211; Ka\u017cdy sygna\u0142 \u015bwiadcz\u0105cy o tym, \u017ce dziecko mo\u017ce do\u015bwiadcza\u0107 przemocy ze strony osoby doros\u0142ej lub innego dziecka w parafii lub poza ni\u0105, jest zawsze bardzo powa\u017cnie traktowany przez pracownik\u00f3w parafii. Ka\u017cda sytuacja jest odpowiednio badana, a podejmowane dzia\u0142ania maj\u0105 na celu jak najszybsze przerwanie krzywdzenia i udzielenie wsparcia osobie, kt\u00f3ra go do\u015bwiadcza. Pracownicy parafii podejmuj\u0105 dzia\u0142ania wed\u0142ug zasad okre\u015blonych w pe\u0142nej wersji standard\u00f3w ochrony dzieci.<br \/>&#8211; Kiedy dzieje si\u0119 co\u015b niepokoj\u0105cego, szczeg\u00f3lnie wtedy, gdy dzieci i m\u0142odzie\u017c s\u0105 krzywdzeni przez innych lub s\u0105 \u015bwiadkami krzywdy innej osoby, niezw\u0142ocznie powinni o sytuacji poinformowa\u0107 pracownik\u00f3w parafii\/animator\u00f3w\/osob\u0119 zaufania.<br \/>&#8211; Szczeg\u00f3lnie wa\u017cn\u0105 cz\u0119\u015bci\u0105 standard\u00f3w s\u0105 zasady bezpiecznych relacji mi\u0119dzy doros\u0142ymi a dzie\u0107mi oraz mi\u0119dzy dzie\u0107mi. Maj\u0105 one s\u0142u\u017cy\u0107 tworzeniu bezpiecznego i przyjaznego \u015brodowiska w parafii. Pracownicy\/animatorzy b\u0119d\u0105 zawsze reagowa\u0107 na przekraczanie i nierespektowanie przyj\u0119tych zasad.<br \/>&#8211; Troska o bezpiecze\u0144stwo i dobre relacje dotyczy r\u00f3wnie\u017c Internetu i komunikacji drog\u0105 elektroniczn\u0105. Parafia dba o to, by dost\u0119p do Internetu by\u0142 bezpieczny, wprowadza rozwi\u0105zania ograniczaj\u0105ce mo\u017cliwo\u015b\u0107 dost\u0119pu do tre\u015bci szkodliwych. Ponadto pracownicy parafii reaguj\u0105 na niebezpieczne, szkodliwe i krzywdz\u0105ce sytuacje dziej\u0105ce si\u0119 w przestrzeni internetowej. Dziecko zawsze mo\u017ce poprosi\u0107 o pomoc, gdy on sam lub kto\u015b inny do\u015bwiadcza krzywdzenia w sieci.<br \/>&#8211; Pracownicy parafii dbaj\u0105 o ochron\u0119 wizerunku dzieci i m\u0142odzie\u017cy. Rodzice decyduj\u0105, czy wyra\u017caj\u0105 zgod\u0119 na publikacj\u0119 zdj\u0119\u0107 i film\u00f3w prezentuj\u0105cych wizerunek ich dzieci. Ka\u017cde dziecko w momencie wykonywania zdj\u0119\u0107 lub nagra\u0144 ma prawo powiedzie\u0107, \u017ce nie chce, by jego wizerunek w materia\u0142ach z tego konkretnego wydarzenia by\u0142 publikowany. Pracownicy szanuj\u0105 decyzj\u0119 dziecka. Powy\u017csza zasada nie dotyczy sytuacji, kiedy wizerunek osoby stanowi jedynie szczeg\u00f3\u0142 ca\u0142o\u015bci, takie jak zgromadzenie, krajobraz lub impreza publiczna.<br \/>&#8211; Dzieci i m\u0142odzie\u017c powinny szanowa\u0107 prawo do prywatno\u015bci r\u00f3wie\u015bnik\u00f3w oraz doros\u0142ych, dlatego nie mog\u0105 publikowa\u0107 w przestrzeni internetowej i w swoich mediach spo\u0142eczno\u015bciowych wizerunku innych os\u00f3b bez jej wiedzy i zgody.<\/p><p data-start=\"84\" data-end=\"452\"><br \/><strong>2. Zasady bezpiecznych relacji pracownik\u00f3w parafii z dzie\u0107mi<\/strong><\/p><p data-start=\"84\" data-end=\"452\"><br \/>&#8211; W standardach ochrony dzieci znajduje si\u0119 szczeg\u00f3\u0142owy kodeks zachowa\u0144, kt\u00f3ry powinien by\u0107 respektowany przez wszystkich pracownik\u00f3w parafii. Zachowaniami niedozwolonymi s\u0105 zw\u0142aszcza: wszelkie formy okazywania niechcianej czu\u0142o\u015bci; dotykanie piersi, po\u015bladk\u00f3w, genitali\u00f3w i ich okolic (cho\u0107by przez bielizn\u0119 lub odzie\u017c); poca\u0142unki; mocne i zamykaj\u0105ce u\u015bciski, uniemo\u017cliwiaj\u0105ce przerwanie kontaktu; klepanie po po\u015bladkach, udach, kolanach, g\u0142owie; \u0142askotanie lub mocowanie si\u0119 w du\u017cej blisko\u015bci cielesnej; masa\u017ce; sadzanie na kolanach; k\u0142adzenie si\u0119 lub spanie obok; ocieranie si\u0119; seksualizacja i seksizm; r\u00f3\u017cne formy poni\u017cania oraz mobbing; u\u017cywanie wulgaryzm\u00f3w.<br \/>&#8211; W sytuacji braku zastosowania si\u0119 do przyj\u0119tych zasad, \u015bwiadek takiego zachowania winien zg\u0142osi\u0107 spraw\u0119 do osoby zaufanej przyjmuj\u0105cej zg\u0142oszenia lub bezpo\u015brednio do proboszcza.<\/p><p data-start=\"84\" data-end=\"452\"><br \/><strong>3. Zasady bezpiecznych relacji mi\u0119dzy dzie\u0107mi<\/strong><\/p><p data-start=\"84\" data-end=\"452\"><br \/>&#8211; W parafii jest opracowana pe\u0142na i skr\u00f3cona wersja zasad dla dzieci.<\/p><p data-start=\"84\" data-end=\"452\"><br \/><strong>4. Osoby i miejsca, gdzie mo\u017cna uzyska\u0107 pomoc<\/strong><\/p><p data-start=\"84\" data-end=\"452\"><br \/>&#8211; W sytuacji gdy: do\u015bwiadczasz przemocy ze strony osoby doros\u0142ej lub innego dziecka w parafii lub poza ni\u0105, jeste\u015b \u015bwiadkiem krzywdzenia innej osoby, dzieje si\u0119 co\u015b niepokoj\u0105cego, prze\u017cywasz trudne chwile, nie zostawaj z tym sam\/sama. Mo\u017cesz znale\u017a\u0107 wsparcie. Blisko Ciebie s\u0105 osoby, kt\u00f3re b\u0119d\u0105 umia\u0142y Ci pom\u00f3c.<br \/>&#8211; Osoby, do kt\u00f3rych zawsze mo\u017cesz si\u0119 zwr\u00f3ci\u0107 w parafii o pomoc: osoba przyjmuj\u0105ca zg\u0142oszenia o krzywdzeniu \/ osoba zaufania; ksi\u0105dz\/siostra zakonna; animator; pracownik parafii, kt\u00f3rego darzysz zaufaniem.<br \/>&#8211; Mo\u017cesz te\u017c szuka\u0107 wsparcia poza parafi\u0105. Warto zna\u0107 telefony zaufania i miejsca, w kt\u00f3rych mo\u017cesz uzyska\u0107 fachow\u0105 pomoc:<br \/>800-12-12-12 \u2013 ca\u0142odobowy Dzieci\u0119cy Telefon Zaufania Rzecznika Praw Dziecka;<br \/>116-111 \u2013 ca\u0142odobowy telefon zaufania dla dzieci i m\u0142odzie\u017cy prowadzony przez Fundacj\u0119 Dajemy Dzieciom Si\u0142\u0119;<br \/>112 \u2013 numer alarmowy w sytuacji zagro\u017cenia \u017cycia lub zdrowia.<\/p>\t\t\t\t\t\t\t\t<\/div>\n\t\t\t\t<\/div>\n\t\t\t\t\t<\/div>\n\t\t\t\t<\/div>\n\t\t<div class=\"elementor-element elementor-element-95b09e9 e-flex e-con-boxed e-con e-parent\" data-id=\"95b09e9\" data-element_type=\"container\" data-settings=\"{&quot;background_background&quot;:&quot;classic&quot;}\">\n\t\t\t\t\t<div class=\"e-con-inner\">\n\t\t<div class=\"elementor-element elementor-element-80d6d6d e-con-full e-flex e-con e-child\" data-id=\"80d6d6d\" data-element_type=\"container\">\n\t\t\t\t<div class=\"elementor-element elementor-element-e3d88be elementor-widget elementor-widget-image\" data-id=\"e3d88be\" data-element_type=\"widget\" data-widget_type=\"image.default\">\n\t\t\t\t<div class=\"elementor-widget-container\">\n\t\t\t\t\t\t\t\t\t\t\t\t\t\t\t<img fetchpriority=\"high\" decoding=\"async\" width=\"1024\" height=\"1024\" src=\"https:\/\/wojskowaparafiabraniewo.pl\/wp-content\/uploads\/2025\/06\/logo-www.png\" class=\"attachment-full size-full wp-image-175\" alt=\"\" srcset=\"https:\/\/wojskowaparafiabraniewo.pl\/wp-content\/uploads\/2025\/06\/logo-www.png 1024w, https:\/\/wojskowaparafiabraniewo.pl\/wp-content\/uploads\/2025\/06\/logo-www-300x300.png 300w, https:\/\/wojskowaparafiabraniewo.pl\/wp-content\/uploads\/2025\/06\/logo-www-150x150.png 150w, https:\/\/wojskowaparafiabraniewo.pl\/wp-content\/uploads\/2025\/06\/logo-www-768x768.png 768w\" sizes=\"(max-width: 1024px) 100vw, 1024px\" \/>\t\t\t\t\t\t\t\t\t\t\t\t\t\t\t<\/div>\n\t\t\t\t<\/div>\n\t\t\t\t<\/div>\n\t\t<div class=\"elementor-element elementor-element-cd20f15 e-con-full e-flex e-con e-child\" data-id=\"cd20f15\" data-element_type=\"container\">\n\t\t\t\t<div class=\"elementor-element elementor-element-7c9898a elementor-invisible elementor-widget elementor-widget-heading\" data-id=\"7c9898a\" data-element_type=\"widget\" data-settings=\"{&quot;_animation&quot;:&quot;fadeInLeft&quot;}\" data-widget_type=\"heading.default\">\n\t\t\t\t<div class=\"elementor-widget-container\">\n\t\t\t\t\t<h2 class=\"elementor-heading-title elementor-size-default\">kontakt:<\/h2>\t\t\t\t<\/div>\n\t\t\t\t<\/div>\n\t\t\t\t<div class=\"elementor-element elementor-element-9213444 elementor-widget-divider--view-line elementor-widget elementor-widget-divider\" data-id=\"9213444\" data-element_type=\"widget\" data-widget_type=\"divider.default\">\n\t\t\t\t<div class=\"elementor-widget-container\">\n\t\t\t\t\t\t\t<div class=\"elementor-divider\">\n\t\t\t<span class=\"elementor-divider-separator\">\n\t\t\t\t\t\t<\/span>\n\t\t<\/div>\n\t\t\t\t\t\t<\/div>\n\t\t\t\t<\/div>\n\t\t\t\t<div class=\"elementor-element elementor-element-206a639 elementor-widget elementor-widget-text-editor\" data-id=\"206a639\" data-element_type=\"widget\" data-widget_type=\"text-editor.default\">\n\t\t\t\t<div class=\"elementor-widget-container\">\n\t\t\t\t\t\t\t\t\t<p data-start=\"84\" data-end=\"452\">Parafia Wojskowo-Cywilna\npw. \u015awi\u0119tego Wojciecha w Braniewie ul. Sucharskiego 29, 14-500 Braniewo<\/p>\n<p data-start=\"84\" data-end=\"452\">Konto bankowe: PKO BP<br> 38 1020 1752 0000 0202 0308 8242<\/p>\t\t\t\t\t\t\t\t<\/div>\n\t\t\t\t<\/div>\n\t\t\t\t<\/div>\n\t\t<div class=\"elementor-element elementor-element-8b57347 e-con-full e-flex e-con e-child\" data-id=\"8b57347\" data-element_type=\"container\">\n\t\t\t\t<div class=\"elementor-element elementor-element-fd35f2a elementor-invisible elementor-widget elementor-widget-heading\" data-id=\"fd35f2a\" data-element_type=\"widget\" data-settings=\"{&quot;_animation&quot;:&quot;fadeInLeft&quot;}\" data-widget_type=\"heading.default\">\n\t\t\t\t<div class=\"elementor-widget-container\">\n\t\t\t\t\t<h2 class=\"elementor-heading-title elementor-size-default\">kancelaria:<\/h2>\t\t\t\t<\/div>\n\t\t\t\t<\/div>\n\t\t\t\t<div class=\"elementor-element elementor-element-8a9b8df elementor-widget-divider--view-line elementor-widget elementor-widget-divider\" data-id=\"8a9b8df\" data-element_type=\"widget\" data-widget_type=\"divider.default\">\n\t\t\t\t<div class=\"elementor-widget-container\">\n\t\t\t\t\t\t\t<div class=\"elementor-divider\">\n\t\t\t<span class=\"elementor-divider-separator\">\n\t\t\t\t\t\t<\/span>\n\t\t<\/div>\n\t\t\t\t\t\t<\/div>\n\t\t\t\t<\/div>\n\t\t\t\t<div class=\"elementor-element elementor-element-9fdfddd elementor-widget elementor-widget-text-editor\" data-id=\"9fdfddd\" data-element_type=\"widget\" data-widget_type=\"text-editor.default\">\n\t\t\t\t<div class=\"elementor-widget-container\">\n\t\t\t\t\t\t\t\t\t<p data-start=\"84\" data-end=\"452\">Kancelaria parafialna przyjmuje osoby zainteresowane od wtorku do pi\u0105tku po wieczornej Mszy \u015awi\u0119tej.<\/p>\n<p data-start=\"84\" data-end=\"452\">Tel.: 783-935-499<br>info@wojskowaparafiabraniewo.pl<\/p>\t\t\t\t\t\t\t\t<\/div>\n\t\t\t\t<\/div>\n\t\t\t\t<\/div>\n\t\t<div class=\"elementor-element elementor-element-abc5e37 e-con-full e-flex e-con e-child\" data-id=\"abc5e37\" data-element_type=\"container\">\n\t\t\t\t<div class=\"elementor-element elementor-element-56025ac elementor-invisible elementor-widget elementor-widget-heading\" data-id=\"56025ac\" data-element_type=\"widget\" data-settings=\"{&quot;_animation&quot;:&quot;fadeInLeft&quot;}\" data-widget_type=\"heading.default\">\n\t\t\t\t<div class=\"elementor-widget-container\">\n\t\t\t\t\t<h2 class=\"elementor-heading-title elementor-size-default\">proboszcz:<\/h2>\t\t\t\t<\/div>\n\t\t\t\t<\/div>\n\t\t\t\t<div class=\"elementor-element elementor-element-d3c6985 elementor-widget-divider--view-line elementor-widget elementor-widget-divider\" data-id=\"d3c6985\" data-element_type=\"widget\" data-widget_type=\"divider.default\">\n\t\t\t\t<div class=\"elementor-widget-container\">\n\t\t\t\t\t\t\t<div class=\"elementor-divider\">\n\t\t\t<span class=\"elementor-divider-separator\">\n\t\t\t\t\t\t<\/span>\n\t\t<\/div>\n\t\t\t\t\t\t<\/div>\n\t\t\t\t<\/div>\n\t\t\t\t<div class=\"elementor-element elementor-element-598de1b elementor-widget elementor-widget-text-editor\" data-id=\"598de1b\" data-element_type=\"widget\" data-widget_type=\"text-editor.default\">\n\t\t\t\t<div class=\"elementor-widget-container\">\n\t\t\t\t\t\t\t\t\t<p data-start=\"84\" data-end=\"452\">Kapelan Garnizonu Braniewo<\/p><p data-start=\"84\" data-end=\"452\">ks. mjr dr Karol Biegluk<\/p>\t\t\t\t\t\t\t\t<\/div>\n\t\t\t\t<\/div>\n\t\t\t\t<\/div>\n\t\t\t\t\t<\/div>\n\t\t\t\t<\/div>\n\t\t\t\t<\/div>\n\t\t","protected":false},"excerpt":{"rendered":"<p>STANDARDY OCHRONY DZIECI W PARAFII: Standardy ochrony dzieci w ordynariacie polowym Standardy ochrony dzieci &#8211; wersja ilustrowana dla dzieci Standardy [&hellip;]<\/p>\n","protected":false},"author":1,"featured_media":0,"parent":0,"menu_order":0,"comment_status":"closed","ping_status":"closed","template":"elementor_header_footer","meta":{"site-sidebar-layout":"no-sidebar","site-content-layout":"","ast-site-content-layout":"full-width-container","site-content-style":"default","site-sidebar-style":"default","ast-global-header-display":"","ast-banner-title-visibility":"","ast-main-header-display":"","ast-hfb-above-header-display":"","ast-hfb-below-header-display":"","ast-hfb-mobile-header-display":"","site-post-title":"disabled","ast-breadcrumbs-content":"","ast-featured-img":"disabled","footer-sml-layout":"","theme-transparent-header-meta":"","adv-header-id-meta":"","stick-header-meta":"","header-above-stick-meta":"","header-main-stick-meta":"","header-below-stick-meta":"","astra-migrate-meta-layouts":"default","ast-page-background-enabled":"default","ast-page-background-meta":{"desktop":{"background-color":"var(--ast-global-color-5)","background-image":"","background-repeat":"repeat","background-position":"center center","background-size":"auto","background-attachment":"scroll","background-type":"","background-media":"","overlay-type":"","overlay-color":"","overlay-opacity":"","overlay-gradient":""},"tablet":{"background-color":"","background-image":"","background-repeat":"repeat","background-position":"center center","background-size":"auto","background-attachment":"scroll","background-type":"","background-media":"","overlay-type":"","overlay-color":"","overlay-opacity":"","overlay-gradient":""},"mobile":{"background-color":"","background-image":"","background-repeat":"repeat","background-position":"center center","background-size":"auto","background-attachment":"scroll","background-type":"","background-media":"","overlay-type":"","overlay-color":"","overlay-opacity":"","overlay-gradient":""}},"ast-content-background-meta":{"desktop":{"background-color":"var(--ast-global-color-4)","background-image":"","background-repeat":"repeat","background-position":"center center","background-size":"auto","background-attachment":"scroll","background-type":"","background-media":"","overlay-type":"","overlay-color":"","overlay-opacity":"","overlay-gradient":""},"tablet":{"background-color":"var(--ast-global-color-4)","background-image":"","background-repeat":"repeat","background-position":"center center","background-size":"auto","background-attachment":"scroll","background-type":"","background-media":"","overlay-type":"","overlay-color":"","overlay-opacity":"","overlay-gradient":""},"mobile":{"background-color":"var(--ast-global-color-4)","background-image":"","background-repeat":"repeat","background-position":"center center","background-size":"auto","background-attachment":"scroll","background-type":"","background-media":"","overlay-type":"","overlay-color":"","overlay-opacity":"","overlay-gradient":""}},"footnotes":""},"class_list":["post-112","page","type-page","status-publish","hentry"],"_links":{"self":[{"href":"https:\/\/wojskowaparafiabraniewo.pl\/index.php\/wp-json\/wp\/v2\/pages\/112","targetHints":{"allow":["GET"]}}],"collection":[{"href":"https:\/\/wojskowaparafiabraniewo.pl\/index.php\/wp-json\/wp\/v2\/pages"}],"about":[{"href":"https:\/\/wojskowaparafiabraniewo.pl\/index.php\/wp-json\/wp\/v2\/types\/page"}],"author":[{"embeddable":true,"href":"https:\/\/wojskowaparafiabraniewo.pl\/index.php\/wp-json\/wp\/v2\/users\/1"}],"replies":[{"embeddable":true,"href":"https:\/\/wojskowaparafiabraniewo.pl\/index.php\/wp-json\/wp\/v2\/comments?post=112"}],"version-history":[{"count":10,"href":"https:\/\/wojskowaparafiabraniewo.pl\/index.php\/wp-json\/wp\/v2\/pages\/112\/revisions"}],"predecessor-version":[{"id":209,"href":"https:\/\/wojskowaparafiabraniewo.pl\/index.php\/wp-json\/wp\/v2\/pages\/112\/revisions\/209"}],"wp:attachment":[{"href":"https:\/\/wojskowaparafiabraniewo.pl\/index.php\/wp-json\/wp\/v2\/media?parent=112"}],"curies":[{"name":"wp","href":"https:\/\/api.w.org\/{rel}","templated":true}]}}